{"id":50,"date":"2025-09-16T14:06:54","date_gmt":"2025-09-16T14:06:54","guid":{"rendered":"https:\/\/garelliofficine.it\/index.php\/homepage\/"},"modified":"2025-10-24T12:22:52","modified_gmt":"2025-10-24T12:22:52","slug":"homepage","status":"publish","type":"page","link":"https:\/\/garelliofficine.it\/","title":{"rendered":"Homepage"},"content":{"rendered":"\t\t<div data-elementor-type=\"wp-page\" data-elementor-id=\"50\" class=\"elementor elementor-50\" data-elementor-post-type=\"page\">\n\t\t\t\t<div class=\"elementor-element elementor-element-af6842 e-con-full e-flex e-con e-parent\" data-id=\"af6842\" data-element_type=\"container\" data-settings=\"{&quot;background_background&quot;:&quot;video&quot;,&quot;background_play_on_mobile&quot;:&quot;yes&quot;,&quot;background_video_link&quot;:&quot;http:\\\/\\\/garelliofficine.it\\\/wp-content\\\/uploads\\\/2025\\\/10\\\/SpotGO-25.mp4&quot;}\">\n\t\t<div class=\"elementor-background-video-container\" aria-hidden=\"true\">\n\t\t\t\t\t\t\t<video class=\"elementor-background-video-hosted\" autoplay muted playsinline loop><\/video>\n\t\t\t\t\t<\/div>\t\t<\/div>\n\t\t<div class=\"elementor-element elementor-element-364b4f51 elementor-hidden-desktop elementor-hidden-tablet elementor-hidden-mobile e-flex e-con-boxed e-con e-parent\" data-id=\"364b4f51\" data-element_type=\"container\" data-settings=\"{&quot;background_background&quot;:&quot;classic&quot;}\">\n\t\t\t\t\t<div class=\"e-con-inner\">\n\t\t\t\t<div class=\"elementor-element elementor-element-f74b8a elementor-widget elementor-widget-heading\" data-id=\"f74b8a\" data-element_type=\"widget\" data-widget_type=\"heading.default\">\n\t\t\t\t\t<h1 class=\"elementor-heading-title elementor-size-default\">Dal 1994 ampliamo e miglioriamo i nostri servizi per rispondere alle pi\u00f9 svariate necessit\u00e0 dei nostri clienti.<\/h1>\t\t\t\t<\/div>\n\t\t\t\t\t<\/div>\n\t\t\t\t<\/div>\n\t\t<div class=\"elementor-element elementor-element-472dfbc9 e-flex e-con-boxed e-con e-parent\" data-id=\"472dfbc9\" data-element_type=\"container\" data-settings=\"{&quot;background_background&quot;:&quot;classic&quot;}\">\n\t\t\t\t\t<div class=\"e-con-inner\">\n\t\t\t\t<div class=\"elementor-element elementor-element-15c4b8bc elementor-widget elementor-widget-heading\" data-id=\"15c4b8bc\" data-element_type=\"widget\" data-widget_type=\"heading.default\">\n\t\t\t\t\t<h3 class=\"elementor-heading-title elementor-size-default\">Perch\u00e9 scegliere <span style=\"color:#378EC4\">GARELLI OFFICINE<\/span><\/h3>\t\t\t\t<\/div>\n\t\t\t\t<div class=\"elementor-element elementor-element-403b8b55 elementor-widget elementor-widget-text-editor\" data-id=\"403b8b55\" data-element_type=\"widget\" data-widget_type=\"text-editor.default\">\n\t\t\t\t\t\t\t\t\t<p>La tua azienda \u00e8 come una Formula1.<br \/>Potente, ambiziosa, pronta a competere ad alti livelli.<br \/>Ma anche le Formula1, per vincere i Gran Premi, hanno bisogno di un team di specialisti: ingegneri, meccanici, strateghi, tecnici di pista. Non basta un solo talento, <br \/><strong>serve una squadra<\/strong>.<\/p><p data-start=\"578\" data-end=\"982\"><strong data-start=\"578\" data-end=\"621\">GARELLI OFFICINE \u00e8 il tuo team di gara.<\/strong><br data-start=\"621\" data-end=\"624\" \/>Un\u2019officina creativa e operativa dove ogni progetto viene \u201cmesso sul ponte\u201d e analizzato da professionisti con esperienza decennale nei rispettivi settori:<br data-start=\"779\" data-end=\"782\" \/>\u2714 comunicazione integrata<br data-start=\"807\" data-end=\"810\" \/>\u2714 marketing strategico e operativo<br data-start=\"844\" data-end=\"847\" \/>\u2714 eventi corporate<br data-start=\"865\" data-end=\"868\" \/>\u2714 produzione e contenuti<br data-start=\"892\" data-end=\"895\" \/>\u2714 innovazione digitale<br data-start=\"917\" data-end=\"920\" \/>\u2714 brand awareness<br data-start=\"937\" data-end=\"940\" \/>\u2714 AI e nuove tecnologie<br data-start=\"963\" data-end=\"966\" \/>\u2714 e molto altro.<\/p><p data-start=\"984\" data-end=\"1345\">Non troverai un \u201ctuttofare\u201d, ma una\u00a0<strong data-start=\"1020\" data-end=\"1081\">rete di esperti coordinati da un\u2019unica torre di controllo<\/strong>, capace di guidarti con metodo, visione e concretezza in ogni curva del mercato.<br data-start=\"1162\" data-end=\"1165\" \/>Il nostro obiettivo \u00e8 uno solo:\u00a0<strong data-start=\"1197\" data-end=\"1259\">mettere per la prima volta la tua azienda in pista o\u00a0<\/strong><strong data-start=\"1197\" data-end=\"1259\">rimettere in pista la tua azienda pi\u00f9 competitiva di prima<\/strong>, migliorandone ogni componente con interventi su misura, mirati e ad alto rendimento.<\/p>\t\t\t\t\t\t\t\t<\/div>\n\t\t\t\t\t<\/div>\n\t\t\t\t<\/div>\n\t\t<div class=\"elementor-element elementor-element-42469528 e-con-full e-flex e-con e-parent\" data-id=\"42469528\" data-element_type=\"container\" data-settings=\"{&quot;background_background&quot;:&quot;classic&quot;}\">\n\t\t\t\t<div class=\"elementor-element elementor-element-61fd0406 elementor-widget elementor-widget-image\" data-id=\"61fd0406\" data-element_type=\"widget\" data-settings=\"{&quot;motion_fx_motion_fx_scrolling&quot;:&quot;yes&quot;,&quot;motion_fx_blur_effect&quot;:&quot;yes&quot;,&quot;motion_fx_blur_range&quot;:{&quot;unit&quot;:&quot;%&quot;,&quot;size&quot;:&quot;&quot;,&quot;sizes&quot;:{&quot;start&quot;:19,&quot;end&quot;:38}},&quot;motion_fx_blur_direction&quot;:&quot;out-in&quot;,&quot;motion_fx_blur_level&quot;:{&quot;unit&quot;:&quot;px&quot;,&quot;size&quot;:7,&quot;sizes&quot;:[]},&quot;motion_fx_devices&quot;:[&quot;desktop&quot;,&quot;tablet&quot;,&quot;mobile&quot;]}\" data-widget_type=\"image.default\">\n\t\t\t\t\t\t\t\t\t\t\t\t\t\t\t<img fetchpriority=\"high\" decoding=\"async\" width=\"701\" height=\"706\" src=\"https:\/\/garelliofficine.it\/wp-content\/uploads\/2025\/09\/controltower.png\" class=\"attachment-full size-full wp-image-79\" alt=\"\" srcset=\"https:\/\/garelliofficine.it\/wp-content\/uploads\/2025\/09\/controltower.png 701w, https:\/\/garelliofficine.it\/wp-content\/uploads\/2025\/09\/controltower-298x300.png 298w, https:\/\/garelliofficine.it\/wp-content\/uploads\/2025\/09\/controltower-150x150.png 150w\" sizes=\"(max-width: 701px) 100vw, 701px\" \/>\t\t\t\t\t\t\t\t\t\t\t\t\t\t\t<\/div>\n\t\t\t\t<\/div>\n\t\t<div class=\"elementor-element elementor-element-fef1804 e-flex e-con-boxed e-con e-parent\" data-id=\"fef1804\" data-element_type=\"container\" data-settings=\"{&quot;background_background&quot;:&quot;classic&quot;}\">\n\t\t\t\t\t<div class=\"e-con-inner\">\n\t\t<div class=\"elementor-element elementor-element-4e22728c e-con-full e-flex e-con e-child\" data-id=\"4e22728c\" data-element_type=\"container\">\n\t\t<div class=\"elementor-element elementor-element-1205e193 e-con-full e-flex e-con e-child\" data-id=\"1205e193\" data-element_type=\"container\">\n\t\t\t\t<div class=\"elementor-element elementor-element-7239f4b6 elementor-widget elementor-widget-button\" data-id=\"7239f4b6\" data-element_type=\"widget\" data-widget_type=\"button.default\">\n\t\t\t\t\t\t\t\t\t\t<a class=\"elementor-button elementor-button-link elementor-size-sm\" href=\"#elementor-action%3Aaction%3Dpopup%3Aopen%26settings%3DeyJpZCI6NDEsInRvZ2dsZSI6ZmFsc2V9\">\n\t\t\t\t\t\t<span class=\"elementor-button-content-wrapper\">\n\t\t\t\t\t\t<span class=\"elementor-button-icon\">\n\t\t\t\t<svg aria-hidden=\"true\" class=\"e-font-icon-svg e-fas-video\" viewBox=\"0 0 576 512\" xmlns=\"http:\/\/www.w3.org\/2000\/svg\"><path d=\"M336.2 64H47.8C21.4 64 0 85.4 0 111.8v288.4C0 426.6 21.4 448 47.8 448h288.4c26.4 0 47.8-21.4 47.8-47.8V111.8c0-26.4-21.4-47.8-47.8-47.8zm189.4 37.7L416 177.3v157.4l109.6 75.5c21.2 14.6 50.4-.3 50.4-25.8V127.5c0-25.4-29.1-40.4-50.4-25.8z\"><\/path><\/svg>\t\t\t<\/span>\n\t\t\t\t\t\t\t\t\t<span class=\"elementor-button-text\">MOSTRA IL VIDEO SHOWREEL<\/span>\n\t\t\t\t\t<\/span>\n\t\t\t\t\t<\/a>\n\t\t\t\t\t\t\t\t<\/div>\n\t\t\t\t<\/div>\n\t\t<div class=\"elementor-element elementor-element-3e737b89 e-con-full e-flex e-con e-child\" data-id=\"3e737b89\" data-element_type=\"container\">\n\t\t\t\t<div class=\"elementor-element elementor-element-7f13f30c elementor-widget elementor-widget-button\" data-id=\"7f13f30c\" data-element_type=\"widget\" data-widget_type=\"button.default\">\n\t\t\t\t\t\t\t\t\t\t<a class=\"elementor-button elementor-button-link elementor-size-sm\" href=\"https:\/\/garelliofficine.it\/wp-content\/uploads\/2025\/09\/Consul.-Alessandro-Garelli_compressed_compressed.pdf\" target=\"_blank\">\n\t\t\t\t\t\t<span class=\"elementor-button-content-wrapper\">\n\t\t\t\t\t\t<span class=\"elementor-button-icon\">\n\t\t\t\t<svg aria-hidden=\"true\" class=\"e-font-icon-svg e-fas-file-pdf\" viewBox=\"0 0 384 512\" xmlns=\"http:\/\/www.w3.org\/2000\/svg\"><path d=\"M181.9 256.1c-5-16-4.9-46.9-2-46.9 8.4 0 7.6 36.9 2 46.9zm-1.7 47.2c-7.7 20.2-17.3 43.3-28.4 62.7 18.3-7 39-17.2 62.9-21.9-12.7-9.6-24.9-23.4-34.5-40.8zM86.1 428.1c0 .8 13.2-5.4 34.9-40.2-6.7 6.3-29.1 24.5-34.9 40.2zM248 160h136v328c0 13.3-10.7 24-24 24H24c-13.3 0-24-10.7-24-24V24C0 10.7 10.7 0 24 0h200v136c0 13.2 10.8 24 24 24zm-8 171.8c-20-12.2-33.3-29-42.7-53.8 4.5-18.5 11.6-46.6 6.2-64.2-4.7-29.4-42.4-26.5-47.8-6.8-5 18.3-.4 44.1 8.1 77-11.6 27.6-28.7 64.6-40.8 85.8-.1 0-.1.1-.2.1-27.1 13.9-73.6 44.5-54.5 68 5.6 6.9 16 10 21.5 10 17.9 0 35.7-18 61.1-61.8 25.8-8.5 54.1-19.1 79-23.2 21.7 11.8 47.1 19.5 64 19.5 29.2 0 31.2-32 19.7-43.4-13.9-13.6-54.3-9.7-73.6-7.2zM377 105L279 7c-4.5-4.5-10.6-7-17-7h-6v128h128v-6.1c0-6.3-2.5-12.4-7-16.9zm-74.1 255.3c4.1-2.7-2.5-11.9-42.8-9 37.1 15.8 42.8 9 42.8 9z\"><\/path><\/svg>\t\t\t<\/span>\n\t\t\t\t\t\t\t\t\t<span class=\"elementor-button-text\">CHI \u00c8 ALESSANDRO GARELLI<\/span>\n\t\t\t\t\t<\/span>\n\t\t\t\t\t<\/a>\n\t\t\t\t\t\t\t\t<\/div>\n\t\t\t\t<\/div>\n\t\t\t\t<\/div>\n\t\t<div class=\"elementor-element elementor-element-724306f7 e-con-full e-flex e-con e-child\" data-id=\"724306f7\" data-element_type=\"container\">\n\t\t\t\t<div class=\"elementor-element elementor-element-77d71643 elementor-widget elementor-widget-heading\" data-id=\"77d71643\" data-element_type=\"widget\" data-widget_type=\"heading.default\">\n\t\t\t\t\t<h2 class=\"elementor-heading-title elementor-size-default\">Distinguiti<span style=\"color:#378EC4\">*<\/span><\/h2>\t\t\t\t<\/div>\n\t\t\t\t<div class=\"elementor-element elementor-element-4fe4ea85 elementor-button-align-stretch elementor-widget elementor-widget-form\" data-id=\"4fe4ea85\" data-element_type=\"widget\" data-settings=\"{&quot;step_next_label&quot;:&quot;Next&quot;,&quot;step_previous_label&quot;:&quot;Previous&quot;,&quot;button_width&quot;:&quot;100&quot;,&quot;step_type&quot;:&quot;number_text&quot;,&quot;step_icon_shape&quot;:&quot;circle&quot;}\" data-widget_type=\"form.default\">\n\t\t\t\t\t\t\t<form class=\"elementor-form\" method=\"post\" name=\"Modulo di contatto\" aria-label=\"Modulo di contatto\" novalidate=\"\">\n\t\t\t<input type=\"hidden\" name=\"post_id\" value=\"50\"\/>\n\t\t\t<input type=\"hidden\" name=\"form_id\" value=\"4fe4ea85\"\/>\n\t\t\t<input type=\"hidden\" name=\"referer_title\" value=\"Homepage - Garelli Officine\" \/>\n\n\t\t\t\t\t\t\t<input type=\"hidden\" name=\"queried_id\" value=\"50\"\/>\n\t\t\t\n\t\t\t<div class=\"elementor-form-fields-wrapper elementor-labels-above\">\n\t\t\t\t\t\t\t\t<div class=\"elementor-field-type-text elementor-field-group elementor-column elementor-field-group-name elementor-col-100 elementor-field-required elementor-mark-required\">\n\t\t\t\t\t\t\t\t\t\t\t\t\t<input size=\"1\" type=\"text\" name=\"form_fields[name]\" id=\"form-field-name\" class=\"elementor-field elementor-size-md  elementor-field-textual\" placeholder=\"Nome e Cognome\" required=\"required\">\n\t\t\t\t\t\t\t\t\t\t\t<\/div>\n\t\t\t\t\t\t\t\t<div class=\"elementor-field-type-text elementor-field-group elementor-column elementor-field-group-field_3acef56 elementor-col-100\">\n\t\t\t\t\t\t\t\t\t\t\t\t\t<input size=\"1\" type=\"text\" name=\"form_fields[field_3acef56]\" id=\"form-field-field_3acef56\" class=\"elementor-field elementor-size-md  elementor-field-textual\" placeholder=\"Ragione sociale\">\n\t\t\t\t\t\t\t\t\t\t\t<\/div>\n\t\t\t\t\t\t\t\t<div class=\"elementor-field-type-text elementor-field-group elementor-column elementor-field-group-field_ec9e210 elementor-col-100 elementor-field-required elementor-mark-required\">\n\t\t\t\t\t\t\t\t\t\t\t\t\t<input size=\"1\" type=\"text\" name=\"form_fields[field_ec9e210]\" id=\"form-field-field_ec9e210\" class=\"elementor-field elementor-size-md  elementor-field-textual\" placeholder=\"Tipo di attivit\u00e0\" required=\"required\">\n\t\t\t\t\t\t\t\t\t\t\t<\/div>\n\t\t\t\t\t\t\t\t<div class=\"elementor-field-type-email elementor-field-group elementor-column elementor-field-group-email elementor-col-50 elementor-field-required elementor-mark-required\">\n\t\t\t\t\t\t\t\t\t\t\t\t\t<input size=\"1\" type=\"email\" name=\"form_fields[email]\" id=\"form-field-email\" class=\"elementor-field elementor-size-md  elementor-field-textual\" placeholder=\"Email\" required=\"required\">\n\t\t\t\t\t\t\t\t\t\t\t<\/div>\n\t\t\t\t\t\t\t\t<div class=\"elementor-field-type-tel elementor-field-group elementor-column elementor-field-group-field_29dba01 elementor-col-50 elementor-field-required elementor-mark-required\">\n\t\t\t\t\t\t\t<input size=\"1\" type=\"tel\" name=\"form_fields[field_29dba01]\" id=\"form-field-field_29dba01\" class=\"elementor-field elementor-size-md  elementor-field-textual\" placeholder=\"Telefono\" required=\"required\" pattern=\"[0-9()#&amp;+*-=.]+\" title=\"Only numbers and phone characters (#, -, *, etc) are accepted.\">\n\n\t\t\t\t\t\t<\/div>\n\t\t\t\t\t\t\t\t<div class=\"elementor-field-type-textarea elementor-field-group elementor-column elementor-field-group-message elementor-col-100\">\n\t\t\t\t\t<textarea class=\"elementor-field-textual elementor-field  elementor-size-md\" name=\"form_fields[message]\" id=\"form-field-message\" rows=\"4\" placeholder=\"Messaggio\"><\/textarea>\t\t\t\t<\/div>\n\t\t\t\t\t\t\t\t<div class=\"elementor-field-type-acceptance elementor-field-group elementor-column elementor-field-group-field_274feff elementor-col-100 elementor-field-required elementor-mark-required\">\n\t\t\t\t\t\t\t<div class=\"elementor-field-subgroup\">\n\t\t\t<span class=\"elementor-field-option\">\n\t\t\t\t<input type=\"checkbox\" name=\"form_fields[field_274feff]\" id=\"form-field-field_274feff\" class=\"elementor-field elementor-size-md  elementor-acceptance-field\" required=\"required\">\n\t\t\t\t<label for=\"form-field-field_274feff\"> Confermo di avere letto e accetto al trattamento dei miei dati ai sensi degli artt. 13 e 14 del Regolamento (UE) 2016\/679. Leggi le informazioni sulla privacy.<\/label>\t\t\t<\/span>\n\t\t<\/div>\n\t\t\t\t\t\t<\/div>\n\t\t\t\t\t\t\t\t<div class=\"elementor-field-group elementor-column elementor-field-type-submit elementor-col-100 e-form__buttons\">\n\t\t\t\t\t<button class=\"elementor-button elementor-size-sm\" type=\"submit\">\n\t\t\t\t\t\t<span class=\"elementor-button-content-wrapper\">\n\t\t\t\t\t\t\t\t\t\t\t\t\t\t\t\t\t\t\t\t\t\t<span class=\"elementor-button-text\">INVIA IL MODULO<\/span>\n\t\t\t\t\t\t\t\t\t\t\t\t\t<\/span>\n\t\t\t\t\t<\/button>\n\t\t\t\t<\/div>\n\t\t\t<\/div>\n\t\t<\/form>\n\t\t\t\t\t\t<\/div>\n\t\t\t\t<\/div>\n\t\t\t\t\t<\/div>\n\t\t\t\t<\/div>\n\t\t\t\t<\/div>\n\t\t","protected":false},"excerpt":{"rendered":"<p>Dal 1994 ampliamo e miglioriamo i nostri servizi per rispondere alle pi\u00f9 svariate necessit\u00e0 dei nostri clienti. Perch\u00e9 scegliere GARELLI OFFICINE La tua azienda \u00e8 come una Formula1.Potente, ambiziosa, pronta a competere ad alti livelli.Ma anche le Formula1, per vincere i Gran Premi, hanno bisogno di un team di specialisti: ingegneri, meccanici, strateghi, tecnici di [&hellip;]<\/p>\n","protected":false},"author":1,"featured_media":0,"parent":0,"menu_order":0,"comment_status":"closed","ping_status":"closed","template":"","meta":{"_joinchat":[],"footnotes":""},"class_list":["post-50","page","type-page","status-publish","hentry"],"aioseo_notices":[],"_links":{"self":[{"href":"https:\/\/garelliofficine.it\/index.php\/wp-json\/wp\/v2\/pages\/50","targetHints":{"allow":["GET"]}}],"collection":[{"href":"https:\/\/garelliofficine.it\/index.php\/wp-json\/wp\/v2\/pages"}],"about":[{"href":"https:\/\/garelliofficine.it\/index.php\/wp-json\/wp\/v2\/types\/page"}],"author":[{"embeddable":true,"href":"https:\/\/garelliofficine.it\/index.php\/wp-json\/wp\/v2\/users\/1"}],"replies":[{"embeddable":true,"href":"https:\/\/garelliofficine.it\/index.php\/wp-json\/wp\/v2\/comments?post=50"}],"version-history":[{"count":31,"href":"https:\/\/garelliofficine.it\/index.php\/wp-json\/wp\/v2\/pages\/50\/revisions"}],"predecessor-version":[{"id":118,"href":"https:\/\/garelliofficine.it\/index.php\/wp-json\/wp\/v2\/pages\/50\/revisions\/118"}],"wp:attachment":[{"href":"https:\/\/garelliofficine.it\/index.php\/wp-json\/wp\/v2\/media?parent=50"}],"curies":[{"name":"wp","href":"https:\/\/api.w.org\/{rel}","templated":true}]}}